{"id":15,"date":"2020-05-12T12:27:02","date_gmt":"2020-05-12T12:27:02","guid":{"rendered":"http:\/\/zrnatestrocnice.um.si\/?page_id=15"},"modified":"2020-05-22T12:11:05","modified_gmt":"2020-05-22T12:11:05","slug":"aktualno-o-projektu","status":"publish","type":"page","link":"https:\/\/zrnatestrocnice.um.si\/?page_id=15","title":{"rendered":"O projektu"},"content":{"rendered":"\n<div class=\"wp-block-group\"><div class=\"wp-block-group__inner-container is-layout-flow wp-block-group-is-layout-flow\">\n<p class=\"has-text-align-center\"><\/p>\n<\/div><\/div>\n\n\n\n<p class=\"has-text-align-center\"><br>Projekt &#8216;Zrnate stro\u010dnice &#8211; pridelava, predelava in uporaba&#8217; se izvaja v sklopu Evropskega partnerstva za inovacije na podro\u010dju kmetijske produktivnosti in trajnosti (EIP-AGRI). Namen partnerstva je re\u0161evanje prakti\u010dnih izzivov na kmetijskem gospodarstvu v sodelovanju s strokovnjaki razli\u010dnih strok. Bistveno pri tem je, da se prakti\u010dne re\u0161itve, ki se razvijejo v okviru projekta EIP tudi preizkusijo v praksi ter da se znanje o dose\u017eenih rezultatih raz\u0161irja med druga kmetijska gospodarstva in ostalo strokovno ter zainteresirano javnost.<\/p>\n\n\n\n<p><\/p>\n\n\n\n<p class=\"has-text-align-center\"><strong>Projekt traja tri leta, od decembra 2018 do decembra 2021, katerega vodi in koordinira mag. Manfred Jakop, <br>v okviru Fakultete za kmetijstvo in biosistemske vede, Univerza v Mariboru.<\/strong><\/p>\n\n\n\n<p class=\"has-text-color has-luminous-vivid-amber-color\"><br><\/p>\n\n\n\n<p><\/p>\n","protected":false},"excerpt":{"rendered":"<p>Projekt &#8216;Zrnate stro\u010dnice &#8211; pridelava, predelava in uporaba&#8217; se izvaja v sklopu Evropskega partnerstva za inovacije na podro\u010dju kmetijske produktivnosti in trajnosti (EIP-AGRI). Namen partnerstva je re\u0161evanje prakti\u010dnih izzivov na kmetijskem gospodarstvu v sodelovanju s strokovnjaki razli\u010dnih strok. Bistveno pri tem je,&hellip;<\/p>\n","protected":false},"author":2,"featured_media":0,"parent":0,"menu_order":0,"comment_status":"closed","ping_status":"closed","template":"","meta":{"_acf_changed":false,"footnotes":""},"acf":[],"_links":{"self":[{"href":"https:\/\/zrnatestrocnice.um.si\/index.php?rest_route=\/wp\/v2\/pages\/15"}],"collection":[{"href":"https:\/\/zrnatestrocnice.um.si\/index.php?rest_route=\/wp\/v2\/pages"}],"about":[{"href":"https:\/\/zrnatestrocnice.um.si\/index.php?rest_route=\/wp\/v2\/types\/page"}],"author":[{"embeddable":true,"href":"https:\/\/zrnatestrocnice.um.si\/index.php?rest_route=\/wp\/v2\/users\/2"}],"replies":[{"embeddable":true,"href":"https:\/\/zrnatestrocnice.um.si\/index.php?rest_route=%2Fwp%2Fv2%2Fcomments&post=15"}],"version-history":[{"count":15,"href":"https:\/\/zrnatestrocnice.um.si\/index.php?rest_route=\/wp\/v2\/pages\/15\/revisions"}],"predecessor-version":[{"id":331,"href":"https:\/\/zrnatestrocnice.um.si\/index.php?rest_route=\/wp\/v2\/pages\/15\/revisions\/331"}],"wp:attachment":[{"href":"https:\/\/zrnatestrocnice.um.si\/index.php?rest_route=%2Fwp%2Fv2%2Fmedia&parent=15"}],"curies":[{"name":"wp","href":"https:\/\/api.w.org\/{rel}","templated":true}]}}