{"id":29,"date":"2020-05-12T12:30:58","date_gmt":"2020-05-12T12:30:58","guid":{"rendered":"http:\/\/zrnatestrocnice.um.si\/?page_id=29"},"modified":"2022-04-01T11:12:19","modified_gmt":"2022-04-01T11:12:19","slug":"zanimivo-o-strocnicah","status":"publish","type":"page","link":"https:\/\/zrnatestrocnice.um.si\/?page_id=29","title":{"rendered":"Rezultati projekta"},"content":{"rendered":"\n<p class=\"has-small-font-size\">      <img loading=\"lazy\" decoding=\"async\" width=\"42\" height=\"31\" class=\"wp-image-1030\" style=\"width: 20px;\" src=\"http:\/\/zrnatestrocnice.um.si\/wp-content\/uploads\/2022\/04\/image-8.png\" alt=\"\"><strong><a href=\"https:\/\/www.youtube.com\/watch?v=qRh5t0VuciM\" data-type=\"URL\" data-id=\"https:\/\/www.youtube.com\/watch?v=qRh5t0VuciM\" target=\"_blank\" rel=\"noreferrer noopener\">Uvod v konferenco<\/a><\/strong><\/p>\n\n\n\n<p class=\"has-small-font-size\">     <img loading=\"lazy\" decoding=\"async\" width=\"42\" height=\"31\" class=\"wp-image-1030\" style=\"width: 20px;\" src=\"http:\/\/zrnatestrocnice.um.si\/wp-content\/uploads\/2022\/04\/image-8.png\" alt=\"\"><strong><a href=\"https:\/\/www.youtube.com\/watch?v=iippBcKXhFg\" data-type=\"URL\" data-id=\"https:\/\/www.youtube.com\/watch?v=iippBcKXhFg\" target=\"_blank\" rel=\"noreferrer noopener\">Predstavitev projekta EIP Zrnate stro\u010dnice pridelava, predelava in uporaba<\/a><\/strong><\/p>\n\n\n\n<div class=\"wp-block-columns are-vertically-aligned-top is-layout-flex wp-container-core-columns-layout-1 wp-block-columns-is-layout-flex\">\n<div class=\"wp-block-column is-vertically-aligned-top is-layout-flow wp-block-column-is-layout-flow\">\n<div class=\"wp-block-file\"><a id=\"wp-block-file--media-4db3a076-7f44-4ad5-8b0f-7f5b64b1e568\" href=\"http:\/\/zrnatestrocnice.um.si\/wp-content\/uploads\/2022\/03\/10-EIP-Zrnate-predstavitev-projekta.pdf\" target=\"_blank\" rel=\"noreferrer noopener\">Uvodna predstavitev projekta: Predstavitev projekta &#8216;Zrnate stro\u010dnice&#8217;<\/a><a href=\"http:\/\/zrnatestrocnice.um.si\/wp-content\/uploads\/2022\/03\/10-EIP-Zrnate-predstavitev-projekta.pdf\" class=\"wp-block-file__button\" download aria-describedby=\"wp-block-file--media-4db3a076-7f44-4ad5-8b0f-7f5b64b1e568\">PPT<\/a><\/div>\n<\/div>\n<\/div>\n\n\n\n<div style=\"height:0px\" aria-hidden=\"true\" class=\"wp-block-spacer\"><\/div>\n\n\n\n<div style=\"height:0px\" aria-hidden=\"true\" class=\"wp-block-spacer\"><\/div>\n\n\n\n<div class=\"wp-block-columns is-layout-flex wp-container-core-columns-layout-2 wp-block-columns-is-layout-flex\">\n<div class=\"wp-block-column is-layout-flow wp-block-column-is-layout-flow\">\n<p class=\"has-black-color has-text-color has-background has-small-font-size\" style=\"background-color:#ffe292\"><strong>Delovni sklop 1<\/strong>:<strong> <mark style=\"background-color:rgba(0, 0, 0, 0)\" class=\"has-inline-color has-black-color\">Pridelava zrnatih stro\u010dnic<\/mark><\/strong><br><img loading=\"lazy\" decoding=\"async\" width=\"72\" height=\"54\" class=\"wp-image-1018\" style=\"width: 25px;\" src=\"http:\/\/zrnatestrocnice.um.si\/wp-content\/uploads\/2022\/04\/image-1.png\" alt=\"\"> <a rel=\"noreferrer noopener\" href=\"https:\/\/www.youtube.com\/watch?v=kyfw4gzmjPE\" data-type=\"URL\" data-id=\"https:\/\/www.youtube.com\/watch?v=kyfw4gzmjPE\" target=\"_blank\">Pridelava zrnatih stro\u010dnic (DS 1)<\/a> &#8211; posnetek konference<\/p>\n<\/div>\n<\/div>\n\n\n\n<figure class=\"wp-block-embed alignleft is-type-video is-provider-youtube wp-block-embed-youtube wp-embed-aspect-16-9 wp-has-aspect-ratio\"><div class=\"wp-block-embed__wrapper\">\n<iframe loading=\"lazy\" title=\"Na\u010dini mehanskega zatiranja plevelov v soji (EIP Zrnate stro\u010dnice)\" width=\"640\" height=\"360\" src=\"https:\/\/www.youtube.com\/embed\/TKsl5QiUXeA?feature=oembed\" frameborder=\"0\" allow=\"accelerometer; autoplay; clipboard-write; encrypted-media; gyroscope; picture-in-picture\" allowfullscreen><\/iframe>\n<\/div><\/figure>\n\n\n\n<div class=\"wp-block-file\"><a id=\"wp-block-file--media-44b2c280-6aee-46cf-b04e-c29bfd50fd64\" href=\"http:\/\/zrnatestrocnice.um.si\/wp-content\/uploads\/2022\/03\/11-EIP-Zrnate-Rezultati-gnojenja-soje-z-N-Jakop-1.pdf\">Mehansko zatiranje plevelov v soji in gnojenje soje z du\u0161ikom &#8211; mag. M. Jakop, UM FKBV<\/a><a href=\"http:\/\/zrnatestrocnice.um.si\/wp-content\/uploads\/2022\/03\/11-EIP-Zrnate-Rezultati-gnojenja-soje-z-N-Jakop-1.pdf\" class=\"wp-block-file__button\" download aria-describedby=\"wp-block-file--media-44b2c280-6aee-46cf-b04e-c29bfd50fd64\">PDF<\/a><\/div>\n\n\n\n<div class=\"wp-block-file\"><a id=\"wp-block-file--media-ede7d299-8365-4bc3-b14b-6956afdb4a86\" href=\"http:\/\/zrnatestrocnice.um.si\/wp-content\/uploads\/2022\/03\/EIP-Zrnate-Uspesnost-inokulacije-soje-na-kkmetiji-Kure-Flajsman-BF-ULj.pdf\">Inokulacije soje s simbiotskimi bakterijami \u2013 dr. M. Flaj\u0161man UL BF<\/a><a href=\"http:\/\/zrnatestrocnice.um.si\/wp-content\/uploads\/2022\/03\/EIP-Zrnate-Uspesnost-inokulacije-soje-na-kkmetiji-Kure-Flajsman-BF-ULj.pdf\" class=\"wp-block-file__button\" download aria-describedby=\"wp-block-file--media-ede7d299-8365-4bc3-b14b-6956afdb4a86\">PDF<\/a><\/div>\n\n\n\n<div class=\"wp-block-file\"><a id=\"wp-block-file--media-584b9764-2b92-4d60-8d17-371426f6f68f\" href=\"http:\/\/zrnatestrocnice.um.si\/wp-content\/uploads\/2022\/03\/Predstavitev-EIP-projekta-11.3.2022-ALES.pdf\">Varstvo pred pleveli in zmanj\u0161ani odmerki FFS v soji \u2013 dr. A. Kolmani\u010d, KIS<\/a><a href=\"http:\/\/zrnatestrocnice.um.si\/wp-content\/uploads\/2022\/03\/Predstavitev-EIP-projekta-11.3.2022-ALES.pdf\" class=\"wp-block-file__button\" download aria-describedby=\"wp-block-file--media-584b9764-2b92-4d60-8d17-371426f6f68f\">PDF<\/a><\/div>\n\n\n\n<p><a rel=\"noreferrer noopener\" href=\"http:\/\/www.ihps.si\/rastline-tla-in-okolje\/eip-visok-fizol-v-hmeljiscih\/\" data-type=\"URL\" data-id=\"http:\/\/www.ihps.si\/rastline-tla-in-okolje\/eip-visok-fizol-v-hmeljiscih\/\" target=\"_blank\">Pridelava visokega fi\u017eola \u2013 dr. B. \u010ceh, IHPS<\/a> <\/p>\n\n\n\n<p><a href=\"https:\/\/press.um.si\/index.php\/ump\/catalog\/book\/143\" data-type=\"URL\" data-id=\"https:\/\/press.um.si\/index.php\/ump\/catalog\/book\/143\" target=\"_blank\" rel=\"noreferrer noopener\"><img loading=\"lazy\" decoding=\"async\" width=\"717\" height=\"415\" class=\"wp-image-1003\" style=\"width: 70px;\" src=\"http:\/\/zrnatestrocnice.um.si\/wp-content\/uploads\/2022\/03\/P.1..png\" alt=\"\" srcset=\"https:\/\/zrnatestrocnice.um.si\/wp-content\/uploads\/2022\/03\/P.1..png 717w, https:\/\/zrnatestrocnice.um.si\/wp-content\/uploads\/2022\/03\/P.1.-300x174.png 300w\" sizes=\"(max-width: 717px) 100vw, 717px\" \/><\/a>Strokovna monografija:<a rel=\"noreferrer noopener\" href=\"http:\/\/zrnatestrocnice.um.si\/index.php\/2022\/03\/31\/knjizna-novost-pridelava-zrnatih-strocnic\/\" data-type=\"URL\" data-id=\"http:\/\/zrnatestrocnice.um.si\/index.php\/2022\/03\/31\/knjizna-novost-pridelava-zrnatih-strocnic\/\" target=\"_blank\"> <strong>Pridelava zrnatih stro\u010dnic<\/strong><\/a><\/p>\n\n\n\n<p><img loading=\"lazy\" decoding=\"async\" width=\"42\" height=\"31\" class=\"wp-image-1030\" style=\"width: 30px;\" src=\"http:\/\/zrnatestrocnice.um.si\/wp-content\/uploads\/2022\/04\/image-8.png\" alt=\"\"><a href=\"https:\/\/www.youtube.com\/watch?v=RJsI_pLl69U\" data-type=\"URL\" data-id=\"https:\/\/www.youtube.com\/watch?v=RJsI_pLl69U\" target=\"_blank\" rel=\"noreferrer noopener\">Inokulacija soje s simbiotskimi bakterijami<\/a><\/p>\n\n\n\n<div style=\"height:28px\" aria-hidden=\"true\" class=\"wp-block-spacer\"><\/div>\n\n\n\n<p class=\"has-background has-small-font-size\" style=\"background-color:#f0be33\"><strong>Delovni sklop 2: Zrnate stro\u010dnice v prehrani<\/strong><br><img loading=\"lazy\" decoding=\"async\" width=\"42\" height=\"31\" class=\"wp-image-1030\" style=\"width: 25px;\" src=\"http:\/\/zrnatestrocnice.um.si\/wp-content\/uploads\/2022\/04\/image-8.png\" alt=\"\"> <a rel=\"noreferrer noopener\" href=\"https:\/\/www.youtube.com\/watch?v=Wr6JlwR7EJ8\" data-type=\"URL\" data-id=\"https:\/\/www.youtube.com\/watch?v=Wr6JlwR7EJ8\" target=\"_blank\">Zrnate stro\u010dnice v prehrani (DS 2)<\/a> &#8211; posnetek konference<\/p>\n\n\n\n<figure class=\"wp-block-embed alignleft is-type-video is-provider-youtube wp-block-embed-youtube wp-embed-aspect-16-9 wp-has-aspect-ratio\"><div class=\"wp-block-embed__wrapper\">\n<iframe loading=\"lazy\" title=\"Zrnate stro\u010dnice v prehrani\" width=\"640\" height=\"360\" src=\"https:\/\/www.youtube.com\/embed\/5Frzx_TggHw?feature=oembed\" frameborder=\"0\" allow=\"accelerometer; autoplay; clipboard-write; encrypted-media; gyroscope; picture-in-picture\" allowfullscreen><\/iframe>\n<\/div><\/figure>\n\n\n\n<p><\/p>\n\n\n\n<p><\/p>\n\n\n\n<p><\/p>\n\n\n\n<p><\/p>\n\n\n\n<p><\/p>\n\n\n\n<div class=\"wp-block-file\"><a id=\"wp-block-file--media-f0c7d170-02a2-459d-a04e-b03f384eaadd\" href=\"http:\/\/zrnatestrocnice.um.si\/wp-content\/uploads\/2022\/03\/Strocnice-so-prava-izbira-Cigic-BF.pdf\">Stro\u010dnice so prava izbira \u2013 dr. B. Cigi\u0107, UL BF<\/a><a href=\"http:\/\/zrnatestrocnice.um.si\/wp-content\/uploads\/2022\/03\/Strocnice-so-prava-izbira-Cigic-BF.pdf\" class=\"wp-block-file__button\" download aria-describedby=\"wp-block-file--media-f0c7d170-02a2-459d-a04e-b03f384eaadd\">PDF<\/a><\/div>\n\n\n\n<div class=\"wp-block-file\"><a id=\"wp-block-file--media-1106d9e5-83f7-4cb1-b884-0bc830fe7306\" href=\"http:\/\/zrnatestrocnice.um.si\/wp-content\/uploads\/2022\/03\/Ko-zadisi-po-kruhu-iz-soje-.pdf\">Di\u0161i po kruhu iz soje \u2013 Manca Ozvati\u010d, UL BF<\/a><a href=\"http:\/\/zrnatestrocnice.um.si\/wp-content\/uploads\/2022\/03\/Ko-zadisi-po-kruhu-iz-soje-.pdf\" class=\"wp-block-file__button\" download aria-describedby=\"wp-block-file--media-1106d9e5-83f7-4cb1-b884-0bc830fe7306\">PDF<\/a><\/div>\n\n\n\n<div class=\"wp-block-file\"><a id=\"wp-block-file--media-bdf19e7e-0840-4a23-ae44-24ce020ad6b4\" href=\"http:\/\/zrnatestrocnice.um.si\/wp-content\/uploads\/2022\/03\/EIP-konferenca-STROCNICE-FIZOL-PREHRANA.pdf\"> Fi\u017eol v prehrani \u2013 dr. D. Kocjan-A\u010dko<\/a><a href=\"http:\/\/zrnatestrocnice.um.si\/wp-content\/uploads\/2022\/03\/EIP-konferenca-STROCNICE-FIZOL-PREHRANA.pdf\" class=\"wp-block-file__button\" download aria-describedby=\"wp-block-file--media-bdf19e7e-0840-4a23-ae44-24ce020ad6b4\">PDF<\/a><\/div>\n\n\n\n<div class=\"wp-block-file\"><a id=\"wp-block-file--media-5380281f-7097-47d5-9915-118bca4c3f2f\" href=\"http:\/\/zrnatestrocnice.um.si\/wp-content\/uploads\/2022\/03\/Strocnice-po-azijsko.pdf\">Stro\u010dnice v azijski kuhinji \u2013 dr. S. Grobelnik Mlakar, UM FKBV<\/a><a href=\"http:\/\/zrnatestrocnice.um.si\/wp-content\/uploads\/2022\/03\/Strocnice-po-azijsko.pdf\" class=\"wp-block-file__button\" download aria-describedby=\"wp-block-file--media-5380281f-7097-47d5-9915-118bca4c3f2f\">PDF<\/a><\/div>\n\n\n\n<p class=\"has-black-color has-text-color\"><a rel=\"noreferrer noopener\" href=\"https:\/\/kisinkvas.si\/\" data-type=\"URL\" data-id=\"https:\/\/kisinkvas.si\/\" target=\"_blank\">Dobra praksa: Podjetje Kis in kvas \u2013 Sanja \u010cakarun, Ljubljana<\/a><\/p>\n\n\n\n<div style=\"height:27px\" aria-hidden=\"true\" class=\"wp-block-spacer\"><\/div>\n\n\n\n<p class=\"has-background has-small-font-size\" style=\"background-color:#ffe292\"><strong>Delovni sklop 3: Zrnate stro\u010dnice v prehrani rejnih \u017eivali<\/strong><br><img loading=\"lazy\" decoding=\"async\" width=\"42\" height=\"31\" class=\"wp-image-1030\" style=\"width: 25px;\" src=\"http:\/\/zrnatestrocnice.um.si\/wp-content\/uploads\/2022\/04\/image-8.png\" alt=\"\">Zrnate stro\u010dnice v prehrani rejnih \u017eivali (DS 3) &#8211; posnetek konference<\/p>\n\n\n\n<p><\/p>\n\n\n\n<figure class=\"wp-block-embed alignleft is-provider-youtube wp-block-embed-youtube\"><div class=\"wp-block-embed__wrapper\">\n<iframe loading=\"lazy\" title=\"Pomen soje v prehrani doma\u010dih \u017eivali (EIP Zrnate stro\u010dnice)\" width=\"640\" height=\"360\" src=\"https:\/\/www.youtube.com\/embed\/0it10ck9HzM?feature=oembed\" frameborder=\"0\" allow=\"accelerometer; autoplay; clipboard-write; encrypted-media; gyroscope; picture-in-picture\" allowfullscreen><\/iframe> \n<\/div><\/figure>\n\n\n\n<div class=\"wp-block-file\"><a id=\"wp-block-file--media-91693b29-f179-4491-aef9-6d2b58881a62\" href=\"http:\/\/zrnatestrocnice.um.si\/wp-content\/uploads\/2022\/03\/EIP-Zrnate-Soja-v-krmnih-obrokih-za-prezvekovalce-Verbic-KIS.pdf\">Prehrana rejnih \u017eivali s sojo \u2013 dr. J. Verbi\u010d, KIS in dr. D. Babnik<\/a><a href=\"http:\/\/zrnatestrocnice.um.si\/wp-content\/uploads\/2022\/03\/EIP-Zrnate-Soja-v-krmnih-obrokih-za-prezvekovalce-Verbic-KIS.pdf\" class=\"wp-block-file__button\" download aria-describedby=\"wp-block-file--media-91693b29-f179-4491-aef9-6d2b58881a62\">PDF<\/a><\/div>\n\n\n\n<div class=\"wp-block-file\"><a id=\"wp-block-file--media-04fcb177-a3e7-4cac-b9ea-c53a9f736bc6\" href=\"http:\/\/zrnatestrocnice.um.si\/wp-content\/uploads\/2022\/03\/EIP-Zrnate-Stiskalnice-za-sojo-Jejcic-KIS.pdf\">Stiskalnice za sojo \u2013 dr. V. Jej\u010di\u010d, KIS<\/a><a href=\"http:\/\/zrnatestrocnice.um.si\/wp-content\/uploads\/2022\/03\/EIP-Zrnate-Stiskalnice-za-sojo-Jejcic-KIS.pdf\" class=\"wp-block-file__button\" download aria-describedby=\"wp-block-file--media-04fcb177-a3e7-4cac-b9ea-c53a9f736bc6\">PDF<\/a><\/div>\n\n\n\n<div class=\"wp-block-file\"><a id=\"wp-block-file--media-7734c209-7ddc-4371-8703-c270683159a8\" href=\"http:\/\/zrnatestrocnice.um.si\/wp-content\/uploads\/2022\/03\/EIP-Strocnice-Korosec-neprezvekovalci.pdf\">Prehrana nepre\u017evekovalcev &#8211; dr. Tamara Koro\u0161ec<\/a><a href=\"http:\/\/zrnatestrocnice.um.si\/wp-content\/uploads\/2022\/03\/EIP-Strocnice-Korosec-neprezvekovalci.pdf\" class=\"wp-block-file__button\" download aria-describedby=\"wp-block-file--media-7734c209-7ddc-4371-8703-c270683159a8\">PDF<\/a><\/div>\n\n\n\n<div class=\"wp-block-file\"><a id=\"wp-block-file--media-7f804baf-83ae-4545-8de2-031d647074c5\" href=\"http:\/\/zrnatestrocnice.um.si\/wp-content\/uploads\/2022\/03\/Certificitanje-zivil-in-krmil-po-standardu-Pridelano_proizvedeno-brez-GSO-IKC.pdf\">Certificiranje \u017eivil in krmil po standardu &#8220;Pridelano\/proizvedeno brez GSO \u2013 brez gensko<br>spremenjenih organizmov&#8221; \u2013 M. Koren Dvor\u0161ak, UM IKC<\/a><a href=\"http:\/\/zrnatestrocnice.um.si\/wp-content\/uploads\/2022\/03\/Certificitanje-zivil-in-krmil-po-standardu-Pridelano_proizvedeno-brez-GSO-IKC.pdf\" class=\"wp-block-file__button\" download aria-describedby=\"wp-block-file--media-7f804baf-83ae-4545-8de2-031d647074c5\">PDF<\/a><\/div>\n\n\n\n<div class=\"wp-block-file\"><a id=\"wp-block-file--media-0526b3d5-6262-4b02-8c2e-a15e99606fce\" href=\"http:\/\/zrnatestrocnice.um.si\/wp-content\/uploads\/2022\/03\/EIP-Zrnate-Znacilna-pridelava_odkup-soje_posvet-Strgulec-KGZS-NM.pdf\">Zna\u010dilnostih pridelave soje na kmetijah in odkup soje v Sloveniji \u2013 M. Strgulec, KGZS Novo<br>mesto<\/a><a href=\"http:\/\/zrnatestrocnice.um.si\/wp-content\/uploads\/2022\/03\/EIP-Zrnate-Znacilna-pridelava_odkup-soje_posvet-Strgulec-KGZS-NM.pdf\" class=\"wp-block-file__button\" download aria-describedby=\"wp-block-file--media-0526b3d5-6262-4b02-8c2e-a15e99606fce\">PDF<\/a><\/div>\n\n\n\n<div class=\"wp-block-file\"><a id=\"wp-block-file--media-f96f40c4-9f4f-4d42-9403-6317e2a3a5ad\" href=\"http:\/\/zrnatestrocnice.um.si\/wp-content\/uploads\/2022\/03\/Dobra-praksa_KURE.pdf\">Dobra praksa: KG_KURE<\/a><a href=\"http:\/\/zrnatestrocnice.um.si\/wp-content\/uploads\/2022\/03\/Dobra-praksa_KURE.pdf\" class=\"wp-block-file__button\" download aria-describedby=\"wp-block-file--media-f96f40c4-9f4f-4d42-9403-6317e2a3a5ad\">PDF<\/a><\/div>\n\n\n\n<div style=\"height:10px\" aria-hidden=\"true\" class=\"wp-block-spacer\"><\/div>\n\n\n\n<p class=\"has-luminous-vivid-amber-background-color has-background has-small-font-size\"><strong>Dodatne<\/strong> <strong>izobra\u017eevalne vsebine in rezultati projekta EIP, ki so povzeti tudi v kratkih filmih<\/strong><\/p>\n\n\n\n<p><\/p>\n\n\n\n<figure class=\"wp-block-embed alignleft is-type-video is-provider-youtube wp-block-embed-youtube wp-embed-aspect-16-9 wp-has-aspect-ratio\"><div class=\"wp-block-embed__wrapper\">\n<iframe loading=\"lazy\" title=\"Inokulacija soje s simbiotskimi bakterijami (EIP)\" width=\"640\" height=\"360\" src=\"https:\/\/www.youtube.com\/embed\/RJsI_pLl69U?feature=oembed\" frameborder=\"0\" allow=\"accelerometer; autoplay; clipboard-write; encrypted-media; gyroscope; picture-in-picture\" allowfullscreen><\/iframe>\n<\/div><figcaption>Inokulacija soje s simbiotskimi bakterijami<\/figcaption><\/figure>\n\n\n\n<p><\/p>\n\n\n\n<figure class=\"wp-block-embed alignleft is-type-video is-provider-youtube wp-block-embed-youtube wp-embed-aspect-16-9 wp-has-aspect-ratio\"><div class=\"wp-block-embed__wrapper\">\n<iframe loading=\"lazy\" title=\"Tehnologija pridelave visokega fi\u017eola v hmelji\u0161\u010dih\" width=\"640\" height=\"360\" src=\"https:\/\/www.youtube.com\/embed\/ZHLcqiZ22VE?feature=oembed\" frameborder=\"0\" allow=\"accelerometer; autoplay; clipboard-write; encrypted-media; gyroscope; picture-in-picture\" allowfullscreen><\/iframe>\n<\/div><figcaption>Pridelava visokega fi\u017eola v hmelji\u0161\u010dih<\/figcaption><\/figure>\n","protected":false},"excerpt":{"rendered":"<p>Uvod v konferenco Predstavitev projekta EIP Zrnate stro\u010dnice pridelava, predelava in uporaba Delovni sklop 1: Pridelava zrnatih stro\u010dnic Pridelava zrnatih stro\u010dnic (DS 1) &#8211; posnetek konference Pridelava visokega fi\u017eola \u2013 dr. B. \u010ceh, IHPS Strokovna monografija: Pridelava zrnatih stro\u010dnic Inokulacija soje s&hellip;<\/p>\n","protected":false},"author":2,"featured_media":0,"parent":0,"menu_order":0,"comment_status":"closed","ping_status":"closed","template":"","meta":{"_acf_changed":false,"footnotes":""},"acf":[],"_links":{"self":[{"href":"https:\/\/zrnatestrocnice.um.si\/index.php?rest_route=\/wp\/v2\/pages\/29"}],"collection":[{"href":"https:\/\/zrnatestrocnice.um.si\/index.php?rest_route=\/wp\/v2\/pages"}],"about":[{"href":"https:\/\/zrnatestrocnice.um.si\/index.php?rest_route=\/wp\/v2\/types\/page"}],"author":[{"embeddable":true,"href":"https:\/\/zrnatestrocnice.um.si\/index.php?rest_route=\/wp\/v2\/users\/2"}],"replies":[{"embeddable":true,"href":"https:\/\/zrnatestrocnice.um.si\/index.php?rest_route=%2Fwp%2Fv2%2Fcomments&post=29"}],"version-history":[{"count":95,"href":"https:\/\/zrnatestrocnice.um.si\/index.php?rest_route=\/wp\/v2\/pages\/29\/revisions"}],"predecessor-version":[{"id":1095,"href":"https:\/\/zrnatestrocnice.um.si\/index.php?rest_route=\/wp\/v2\/pages\/29\/revisions\/1095"}],"wp:attachment":[{"href":"https:\/\/zrnatestrocnice.um.si\/index.php?rest_route=%2Fwp%2Fv2%2Fmedia&parent=29"}],"curies":[{"name":"wp","href":"https:\/\/api.w.org\/{rel}","templated":true}]}}