{"id":313,"date":"2020-05-22T12:02:11","date_gmt":"2020-05-22T12:02:11","guid":{"rendered":"http:\/\/zrnatestrocnice.um.si\/?page_id=313"},"modified":"2020-05-26T08:30:52","modified_gmt":"2020-05-26T08:30:52","slug":"osnovne-informacije","status":"publish","type":"page","link":"https:\/\/zrnatestrocnice.um.si\/?page_id=313","title":{"rendered":"Osnovne informacije"},"content":{"rendered":"\n<p><strong>Zrnate stro\u010dnice, ki so v praksi \u0161e zdale\u010d neizkori\u0161\u010dene, imajo v Sloveniji optimalne klimatske in talne pogoje za pridelavo ter mnogo mo\u017enosti za predelavo in tr\u017eenje tako konvencionalno kot ekolo\u0161ko pridelanih. Soja in ostale stro\u010dnice so pomemben \u010dlen ohranjanja rodovitnosti tal in pove\u010devanja humusa v tleh. Njihova uporaba v prehrani ljudi in \u017eivinoreji predstavlja pomemben vir beljakovin in esencialnih aminokislin. Uvajanje zrnatih stro\u010dnic v vsakdanjik, se v okviru projekta zastavlja celovito, z vklju\u010devanjem na vse ravni pridelave, predelave in uporabe.<\/strong><\/p>\n\n\n\n<p>Projekt &#8216;Zrnate stro\u010dnice &#8211; pridelava, predelava in uporaba&#8217; &nbsp;se izvaja v sklopu Evropskega partnerstva za inovacije na podro\u010dju kmetijske produktivnosti in trajnosti (EIP-AGRI) v okviru ukrepa Sodelovanje, ki ima podlago v 35. \u010dlenu Uredbe 1305\/2013\/EU. Namen projekta je vzpostavitev manjkajo\u010dih povezav med raziskavami in kmetijsko prakso ter s tem olaj\u0161ati prenos znanja in inovacij med druga kmetijska gospodarstva ter ostalo strokovno ter zainteresirano javnost. Cilj povezovanja operativnih skupin je re\u0161evanje prakti\u010dnih izzivov na kmetijskem gospodarstvu v sodelovanju s strokovnjaki razli\u010dnih strok.<\/p>\n\n\n\n<p>Na podlagi zbranih podatkov in analiz pridobljenih v sklopu zadanih ciljev na vseh kmetijskih gospodarstvih, bomo izvedli prenos dodelanih tehnik v pridelavo soje in nekaterih drugih zrnatih stro\u010dnic, razvili prototip za toplotno obdelavo stro\u010dnic s temperaturnimi in postopkovnimi protokoli ter optimiziral krmne obroke z vklju\u010denimi zrnatimi stro\u010dnicami kmetijah. Za potrebe humane prehrane pa bodo predstavljeni kakovostni pridelki s certificirano proizvodnjo, ki bodo primerni za slovensko tr\u017ei\u0161\u010de.<\/p>\n\n\n\n<p><strong>Klju\u010dne besede projekta:<\/strong><br>&#8211; kmetijski proizvodni sistem<br>&#8211; kmetijska praksa<br>&#8211; gnojenje in upravljanje s hranili<br>&#8211; kmetijska oprema in stroji<br>&#8211; rastlinska pridelava in hortikultura<br>&#8211; gospodarjenje s tlemi\/funkcionalnost<br>&#8211; kakovost hrane\/predelava in prehranska vrednost.<\/p>\n\n\n\n<p>Ve\u010d o projektu: <a rel=\"noreferrer noopener\" href=\"https:\/\/ec.europa.eu\/eip\/agriculture\/en\/find-connect\/projects\/zrnate-stro%C4%8Dnice-%E2%80%93-pridelava-predelava-uporaba\" target=\"_blank\">Zrnate stro\u010dnice \u2013 pridelava, predelava in uporaba; uvajanje novih praks vklju\u010denih na vseh ravneh v pridelovalno-predelovalni verigi omogo\u010da doseganje ciljev ve\u010dje samooskrbe.<\/a><br><br><a href=\"https:\/\/www.program-podezelja.si\/images\/SPLETNA_STRAN_PRP_NOVA\/9_EIP\/9_3_Seznam_projektov\/1._generacija_EIP\/EIP_-_Zrnate_stro%C4%8Dnice.pdf\" target=\"_blank\" rel=\"noreferrer noopener\">Plakat Zrnate stro\u010dnice &#8216;La\u0161ko 2019&#8217;<\/a><\/p>\n","protected":false},"excerpt":{"rendered":"<p>Zrnate stro\u010dnice, ki so v praksi \u0161e zdale\u010d neizkori\u0161\u010dene, imajo v Sloveniji optimalne klimatske in talne pogoje za pridelavo ter mnogo mo\u017enosti za predelavo in tr\u017eenje tako konvencionalno kot ekolo\u0161ko pridelanih. Soja in ostale stro\u010dnice so pomemben \u010dlen ohranjanja rodovitnosti tal in&hellip;<\/p>\n","protected":false},"author":2,"featured_media":0,"parent":0,"menu_order":0,"comment_status":"closed","ping_status":"closed","template":"","meta":{"_acf_changed":false,"footnotes":""},"acf":[],"_links":{"self":[{"href":"https:\/\/zrnatestrocnice.um.si\/index.php?rest_route=\/wp\/v2\/pages\/313"}],"collection":[{"href":"https:\/\/zrnatestrocnice.um.si\/index.php?rest_route=\/wp\/v2\/pages"}],"about":[{"href":"https:\/\/zrnatestrocnice.um.si\/index.php?rest_route=\/wp\/v2\/types\/page"}],"author":[{"embeddable":true,"href":"https:\/\/zrnatestrocnice.um.si\/index.php?rest_route=\/wp\/v2\/users\/2"}],"replies":[{"embeddable":true,"href":"https:\/\/zrnatestrocnice.um.si\/index.php?rest_route=%2Fwp%2Fv2%2Fcomments&post=313"}],"version-history":[{"count":6,"href":"https:\/\/zrnatestrocnice.um.si\/index.php?rest_route=\/wp\/v2\/pages\/313\/revisions"}],"predecessor-version":[{"id":421,"href":"https:\/\/zrnatestrocnice.um.si\/index.php?rest_route=\/wp\/v2\/pages\/313\/revisions\/421"}],"wp:attachment":[{"href":"https:\/\/zrnatestrocnice.um.si\/index.php?rest_route=%2Fwp%2Fv2%2Fmedia&parent=313"}],"curies":[{"name":"wp","href":"https:\/\/api.w.org\/{rel}","templated":true}]}}