{"id":316,"date":"2020-05-22T12:02:11","date_gmt":"2020-05-22T12:02:11","guid":{"rendered":"http:\/\/zrnatestrocnice.um.si\/?page_id=316"},"modified":"2020-05-25T07:36:29","modified_gmt":"2020-05-25T07:36:29","slug":"eip-agri","status":"publish","type":"page","link":"https:\/\/zrnatestrocnice.um.si\/?page_id=316","title":{"rendered":"EIP-AGRI"},"content":{"rendered":"\n<p>Evropsko partnerstvo za inovacije (EIP) je del evropske politike za spodbujanje inovativnosti in u\u010dinkovitej\u0161ega povezovanja med raziskavami in inovativnostjo z namenom hitrej\u0161ega pridobivanja uporabnih re\u0161itev. Namen Evropskega partnerstvo za inovacije na podro\u010dju kmetijske produktivnosti in trajnosti (EIP-AGRI) je spodbujati konkuren\u010dno in trajnostno kmetijstvo in prispevati k zagotavljanju stabilne pridelave hrane, krme in biomaterialov, trajnostnemu upravljanju naravnih virov od katerih sta odvisna tako kmetijstvo kot gozdarstvo in so\u017eitje z okoljem. EIP na podro\u010dju produktivnosti in trajnosti kmetijstva je opredeljen<a href=\"https:\/\/www.program-podezelja.si\/images\/SPLETNA_STRAN_PRP_NOVA\/1_PRP_2014-2020\/1_3_Zakonodaja\/1_3_1_EU_zakonodaja\/Razvoj_podezelja\/1305_2013_NEURADNO_PRE%C4%8CI%C5%A0%C4%8CENO_BESEDILO_20.5.2017.pdf\" target=\"_blank\" rel=\"noreferrer noopener\"> od 55. do 57. \u010dlena Uredbe 1305\/2013\/EU<\/a>.<\/p>\n\n\n\n<p>Predstavljeni projekt je del ukrepa <a rel=\"noreferrer noopener\" href=\"https:\/\/www.program-podezelja.si\/sl\/kaj-je-program-razvoja-podezelja-2014-2020\/ukrepi-in-podukrepi-prp-2014-2020\/m16-sodelovanje\" target=\"_blank\">M16 \u2013 Sodelovanje<\/a> oz. <a rel=\"noreferrer noopener\" href=\"https:\/\/www.program-podezelja.si\/sl\/kaj-je-program-razvoja-podezelja-2014-2020\/ukrepi-in-podukrepi-prp-2014-2020\/m16-sodelovanje\/tehnoloski-razvoj-v-kmetijstvu-gozdarstvu-in-zivilstvu-podukrep-16-1-podpora-za-ustanovitev-in-delovanje-operativnih-skupin-evropskega-partnerstva-za-inovacije-na-podrocju-kmetijske-produktivnosti-in-trajnosti-in-podukrep-16-2-podpora-za-pilotne-projekte\" target=\"_blank\">podukrep M16.2 \u2013 Razvoj novih proizvodov, praks, procesov in tehnologij<\/a> namenjenega razvoju novih oziroma izbolj\u0161anih proizvodov, praks, procesov ali tehnologij na podro\u010dju kmetijstva, \u017eivilstva ali gozdarstva, prenosu znanj v prakso in raz\u0161irjanju rezultatov projekta.<\/p>\n\n\n\n<div class=\"wp-block-group is-layout-flow wp-block-group-is-layout-flow\"><div class=\"wp-block-group__inner-container\"><\/div><\/div>\n\n\n\n<div class=\"wp-block-columns is-layout-flex wp-container-core-columns-layout-1 wp-block-columns-is-layout-flex\">\n<div class=\"wp-block-column is-layout-flow wp-block-column-is-layout-flow\"><\/div>\n\n\n\n<div class=\"wp-block-column is-layout-flow wp-block-column-is-layout-flow\"><\/div>\n<\/div>\n\n\n\n<p class=\"has-normal-font-size\"><strong>Aktualne povezave:<\/strong><\/p>\n\n\n\n<p class=\"has-text-color has-luminous-vivid-amber-color\"><a href=\"http:\/\/ec.europa.eu\/agriculture\/rural-development-2014-2020\/index_sl.htm\" target=\"_blank\" rel=\"noreferrer noopener\">&#8211; Evropska komisija (Evropski kmetijski sklad za razvoj pode\u017eelja<\/a>)&nbsp;<\/p>\n\n\n\n<p class=\"has-text-color has-luminous-vivid-amber-color\">&#8211;&nbsp;<a rel=\"noreferrer noopener\" href=\"https:\/\/www.program-podezelja.si\/\" target=\"_blank\">PRP 2014\u20132020 (Program razvoja pode\u017eelja)<\/a>&nbsp;<\/p>\n\n\n\n<figure class=\"wp-block-gallery aligncenter columns-1 is-cropped wp-block-gallery-1 is-layout-flex wp-block-gallery-is-layout-flex\"><ul class=\"blocks-gallery-grid\"><li class=\"blocks-gallery-item\"><figure><img loading=\"lazy\" decoding=\"async\" width=\"1024\" height=\"170\" src=\"http:\/\/zrnatestrocnice.um.si\/wp-content\/uploads\/2020\/05\/NAM-1024x170.png\" alt=\"\" data-id=\"334\" data-full-url=\"http:\/\/zrnatestrocnice.um.si\/wp-content\/uploads\/2020\/05\/NAM.png\" data-link=\"http:\/\/zrnatestrocnice.um.si\/index.php\/eip-agri\/nam\/\" class=\"wp-image-334\" srcset=\"https:\/\/zrnatestrocnice.um.si\/wp-content\/uploads\/2020\/05\/NAM-1024x170.png 1024w, https:\/\/zrnatestrocnice.um.si\/wp-content\/uploads\/2020\/05\/NAM-300x50.png 300w, https:\/\/zrnatestrocnice.um.si\/wp-content\/uploads\/2020\/05\/NAM-768x128.png 768w, https:\/\/zrnatestrocnice.um.si\/wp-content\/uploads\/2020\/05\/NAM-1536x255.png 1536w, https:\/\/zrnatestrocnice.um.si\/wp-content\/uploads\/2020\/05\/NAM.png 1835w\" sizes=\"(max-width: 1024px) 100vw, 1024px\" \/><figcaption class=\"blocks-gallery-item__caption\"><a href=\"https:\/\/ec.europa.eu\/eip\/agriculture\/en\/find-connect\/projects\/zrnate-stro%C4%8Dnice-%E2%80%93-pridelava-predelava-uporaba\" target=\"_blank\" rel=\"noreferrer noopener\">ttps:\/\/ec.europa.eu\/eip\/agriculture\/en\/find-connect\/projects\/zrnate-stro%C4%8Dnice-%E2%80%93-pridelava-predelava-uporab<\/a><\/figcaption><\/figure><\/li><\/ul><\/figure>\n","protected":false},"excerpt":{"rendered":"<p>Evropsko partnerstvo za inovacije (EIP) je del evropske politike za spodbujanje inovativnosti in u\u010dinkovitej\u0161ega povezovanja med raziskavami in inovativnostjo z namenom hitrej\u0161ega pridobivanja uporabnih re\u0161itev. Namen Evropskega partnerstvo za inovacije na podro\u010dju kmetijske produktivnosti in trajnosti (EIP-AGRI) je spodbujati konkuren\u010dno in trajnostno&hellip;<\/p>\n","protected":false},"author":2,"featured_media":0,"parent":0,"menu_order":0,"comment_status":"closed","ping_status":"closed","template":"","meta":{"_acf_changed":false,"footnotes":""},"acf":[],"_links":{"self":[{"href":"https:\/\/zrnatestrocnice.um.si\/index.php?rest_route=\/wp\/v2\/pages\/316"}],"collection":[{"href":"https:\/\/zrnatestrocnice.um.si\/index.php?rest_route=\/wp\/v2\/pages"}],"about":[{"href":"https:\/\/zrnatestrocnice.um.si\/index.php?rest_route=\/wp\/v2\/types\/page"}],"author":[{"embeddable":true,"href":"https:\/\/zrnatestrocnice.um.si\/index.php?rest_route=\/wp\/v2\/users\/2"}],"replies":[{"embeddable":true,"href":"https:\/\/zrnatestrocnice.um.si\/index.php?rest_route=%2Fwp%2Fv2%2Fcomments&post=316"}],"version-history":[{"count":15,"href":"https:\/\/zrnatestrocnice.um.si\/index.php?rest_route=\/wp\/v2\/pages\/316\/revisions"}],"predecessor-version":[{"id":360,"href":"https:\/\/zrnatestrocnice.um.si\/index.php?rest_route=\/wp\/v2\/pages\/316\/revisions\/360"}],"wp:attachment":[{"href":"https:\/\/zrnatestrocnice.um.si\/index.php?rest_route=%2Fwp%2Fv2%2Fmedia&parent=316"}],"curies":[{"name":"wp","href":"https:\/\/api.w.org\/{rel}","templated":true}]}}